{"id":1926,"date":"2023-12-17T12:47:31","date_gmt":"2023-12-17T12:47:31","guid":{"rendered":"https:\/\/staging.liquid-themes.com\/logistics-fleet\/?page_id=1231"},"modified":"2025-02-16T06:14:54","modified_gmt":"2025-02-16T03:14:54","slug":"referanslarimiz","status":"publish","type":"page","link":"https:\/\/beyazsis.com\/halk-sagligi\/referanslarimiz\/","title":{"rendered":"Referanslar\u0131m\u0131z"},"content":{"rendered":"\t\t<div data-elementor-type=\"wp-page\" data-elementor-id=\"1926\" class=\"elementor elementor-1926\" data-elementor-post-type=\"page\">\n\t\t\t\t<div class=\"elementor-element elementor-element-b362412 e-flex e-con-boxed e-con e-parent\" data-id=\"b362412\" data-element_type=\"container\">\n\t\t\t\t\t<div class=\"e-con-inner\">\n\t\t\t\t<div class=\"elementor-element elementor-element-969d3e7 elementor-widget elementor-widget-lqd-posts-list lqd-widget-container-flex lqd-widget-container-flex-wrap w-full\" data-id=\"969d3e7\" data-element_type=\"widget\" data-widget_type=\"lqd-posts-list.default\">\n\t\t\t\t<div class=\"elementor-widget-container\">\n\t\t\t\t\tSorry, no posts matched your criteria.\t\t\t\t<\/div>\n\t\t\t\t<\/div>\n\t\t\t\t\t<\/div>\n\t\t\t\t<\/div>\n\t\t\t\t<\/div>\n\t\t","protected":false},"excerpt":{"rendered":"<p>Adana B\u00fcy\u00fck\u015fehir Belediyesi Kategoriler Halk Sa\u011fl\u0131\u011f\u0131<\/p>\n","protected":false},"author":1,"featured_media":0,"parent":0,"menu_order":0,"comment_status":"closed","ping_status":"closed","template":"","meta":{"_acf_changed":false,"footnotes":""},"class_list":["post-1926","page","type-page","status-publish","hentry"],"acf":[],"yoast_head":"<!-- This site is optimized with the Yoast SEO Premium plugin v25.3.1 (Yoast SEO v25.3.1) - https:\/\/yoast.com\/wordpress\/plugins\/seo\/ -->\n<title>Referanslar\u0131m\u0131z - Beyaz Sis Halk Sa\u011fl\u0131\u011f\u0131<\/title>\n<meta name=\"robots\" content=\"index, follow, max-snippet:-1, max-image-preview:large, max-video-preview:-1\" \/>\n<link rel=\"canonical\" href=\"https:\/\/beyazsis.com\/halk-sagligi\/referanslarimiz\/\" \/>\n<meta property=\"og:locale\" content=\"tr_TR\" \/>\n<meta property=\"og:type\" content=\"article\" \/>\n<meta property=\"og:title\" content=\"Referanslar\u0131m\u0131z\" \/>\n<meta property=\"og:description\" content=\"Adana B\u00fcy\u00fck\u015fehir Belediyesi Kategoriler Halk Sa\u011fl\u0131\u011f\u0131\" \/>\n<meta property=\"og:url\" content=\"https:\/\/beyazsis.com\/halk-sagligi\/referanslarimiz\/\" \/>\n<meta property=\"og:site_name\" content=\"Beyaz Sis Halk Sa\u011fl\u0131\u011f\u0131\" \/>\n<meta property=\"article:modified_time\" content=\"2025-02-16T03:14:54+00:00\" \/>\n<meta property=\"og:image\" content=\"https:\/\/beyazsis.com\/halk-sagligi\/wp-content\/uploads\/sites\/6\/2025\/02\/buyuksehir.jpg\" \/>\n<meta name=\"twitter:card\" content=\"summary_large_image\" \/>\n<script type=\"application\/ld+json\" class=\"yoast-schema-graph\">{\"@context\":\"https:\/\/schema.org\",\"@graph\":[{\"@type\":\"WebPage\",\"@id\":\"https:\/\/beyazsis.com\/halk-sagligi\/referanslarimiz\/\",\"url\":\"https:\/\/beyazsis.com\/halk-sagligi\/referanslarimiz\/\",\"name\":\"Referanslar\u0131m\u0131z - Beyaz Sis Halk Sa\u011fl\u0131\u011f\u0131\",\"isPartOf\":{\"@id\":\"https:\/\/beyazsis.com\/halk-sagligi\/#website\"},\"primaryImageOfPage\":{\"@id\":\"https:\/\/beyazsis.com\/halk-sagligi\/referanslarimiz\/#primaryimage\"},\"image\":{\"@id\":\"https:\/\/beyazsis.com\/halk-sagligi\/referanslarimiz\/#primaryimage\"},\"thumbnailUrl\":\"https:\/\/beyazsis.com\/halk-sagligi\/wp-content\/uploads\/sites\/6\/2025\/02\/buyuksehir.jpg\",\"datePublished\":\"2023-12-17T12:47:31+00:00\",\"dateModified\":\"2025-02-16T03:14:54+00:00\",\"breadcrumb\":{\"@id\":\"https:\/\/beyazsis.com\/halk-sagligi\/referanslarimiz\/#breadcrumb\"},\"inLanguage\":\"tr\",\"potentialAction\":[{\"@type\":\"ReadAction\",\"target\":[\"https:\/\/beyazsis.com\/halk-sagligi\/referanslarimiz\/\"]}]},{\"@type\":\"ImageObject\",\"inLanguage\":\"tr\",\"@id\":\"https:\/\/beyazsis.com\/halk-sagligi\/referanslarimiz\/#primaryimage\",\"url\":\"https:\/\/beyazsis.com\/halk-sagligi\/wp-content\/uploads\/sites\/6\/2025\/02\/buyuksehir.jpg\",\"contentUrl\":\"https:\/\/beyazsis.com\/halk-sagligi\/wp-content\/uploads\/sites\/6\/2025\/02\/buyuksehir.jpg\",\"width\":1280,\"height\":960},{\"@type\":\"BreadcrumbList\",\"@id\":\"https:\/\/beyazsis.com\/halk-sagligi\/referanslarimiz\/#breadcrumb\",\"itemListElement\":[{\"@type\":\"ListItem\",\"position\":1,\"name\":\"Anasayfa\",\"item\":\"https:\/\/beyazsis.com\/halk-sagligi\/\"},{\"@type\":\"ListItem\",\"position\":2,\"name\":\"Referanslar\u0131m\u0131z\"}]},{\"@type\":\"WebSite\",\"@id\":\"https:\/\/beyazsis.com\/halk-sagligi\/#website\",\"url\":\"https:\/\/beyazsis.com\/halk-sagligi\/\",\"name\":\"Beyaz Sis Halk Sa\u011fl\u0131\u011f\u0131\",\"description\":\"\",\"publisher\":{\"@id\":\"https:\/\/beyazsis.com\/halk-sagligi\/#organization\"},\"potentialAction\":[{\"@type\":\"SearchAction\",\"target\":{\"@type\":\"EntryPoint\",\"urlTemplate\":\"https:\/\/beyazsis.com\/halk-sagligi\/?s={search_term_string}\"},\"query-input\":{\"@type\":\"PropertyValueSpecification\",\"valueRequired\":true,\"valueName\":\"search_term_string\"}}],\"inLanguage\":\"tr\"},{\"@type\":\"Organization\",\"@id\":\"https:\/\/beyazsis.com\/halk-sagligi\/#organization\",\"name\":\"White Fog Halk Sa\u011fl\u0131\u011f\u0131 Sisleme Dumanlama Makineleri\",\"url\":\"https:\/\/beyazsis.com\/halk-sagligi\/\",\"logo\":{\"@type\":\"ImageObject\",\"inLanguage\":\"tr\",\"@id\":\"https:\/\/beyazsis.com\/halk-sagligi\/#\/schema\/logo\/image\/\",\"url\":\"https:\/\/beyazsis.com\/halk-sagligi\/wp-content\/uploads\/sites\/6\/2023\/09\/LOGO-SI\u0307YAH.png\",\"contentUrl\":\"https:\/\/beyazsis.com\/halk-sagligi\/wp-content\/uploads\/sites\/6\/2023\/09\/LOGO-SI\u0307YAH.png\",\"width\":423,\"height\":76,\"caption\":\"White Fog Halk Sa\u011fl\u0131\u011f\u0131 Sisleme Dumanlama Makineleri\"},\"image\":{\"@id\":\"https:\/\/beyazsis.com\/halk-sagligi\/#\/schema\/logo\/image\/\"}}]}<\/script>\n<!-- \/ Yoast SEO Premium plugin. -->","yoast_head_json":{"title":"Referanslar\u0131m\u0131z - Beyaz Sis Halk Sa\u011fl\u0131\u011f\u0131","robots":{"index":"index","follow":"follow","max-snippet":"max-snippet:-1","max-image-preview":"max-image-preview:large","max-video-preview":"max-video-preview:-1"},"canonical":"https:\/\/beyazsis.com\/halk-sagligi\/referanslarimiz\/","og_locale":"tr_TR","og_type":"article","og_title":"Referanslar\u0131m\u0131z","og_description":"Adana B\u00fcy\u00fck\u015fehir Belediyesi Kategoriler Halk Sa\u011fl\u0131\u011f\u0131","og_url":"https:\/\/beyazsis.com\/halk-sagligi\/referanslarimiz\/","og_site_name":"Beyaz Sis Halk Sa\u011fl\u0131\u011f\u0131","article_modified_time":"2025-02-16T03:14:54+00:00","og_image":[{"url":"https:\/\/beyazsis.com\/halk-sagligi\/wp-content\/uploads\/sites\/6\/2025\/02\/buyuksehir.jpg","type":"","width":"","height":""}],"twitter_card":"summary_large_image","schema":{"@context":"https:\/\/schema.org","@graph":[{"@type":"WebPage","@id":"https:\/\/beyazsis.com\/halk-sagligi\/referanslarimiz\/","url":"https:\/\/beyazsis.com\/halk-sagligi\/referanslarimiz\/","name":"Referanslar\u0131m\u0131z - Beyaz Sis Halk Sa\u011fl\u0131\u011f\u0131","isPartOf":{"@id":"https:\/\/beyazsis.com\/halk-sagligi\/#website"},"primaryImageOfPage":{"@id":"https:\/\/beyazsis.com\/halk-sagligi\/referanslarimiz\/#primaryimage"},"image":{"@id":"https:\/\/beyazsis.com\/halk-sagligi\/referanslarimiz\/#primaryimage"},"thumbnailUrl":"https:\/\/beyazsis.com\/halk-sagligi\/wp-content\/uploads\/sites\/6\/2025\/02\/buyuksehir.jpg","datePublished":"2023-12-17T12:47:31+00:00","dateModified":"2025-02-16T03:14:54+00:00","breadcrumb":{"@id":"https:\/\/beyazsis.com\/halk-sagligi\/referanslarimiz\/#breadcrumb"},"inLanguage":"tr","potentialAction":[{"@type":"ReadAction","target":["https:\/\/beyazsis.com\/halk-sagligi\/referanslarimiz\/"]}]},{"@type":"ImageObject","inLanguage":"tr","@id":"https:\/\/beyazsis.com\/halk-sagligi\/referanslarimiz\/#primaryimage","url":"https:\/\/beyazsis.com\/halk-sagligi\/wp-content\/uploads\/sites\/6\/2025\/02\/buyuksehir.jpg","contentUrl":"https:\/\/beyazsis.com\/halk-sagligi\/wp-content\/uploads\/sites\/6\/2025\/02\/buyuksehir.jpg","width":1280,"height":960},{"@type":"BreadcrumbList","@id":"https:\/\/beyazsis.com\/halk-sagligi\/referanslarimiz\/#breadcrumb","itemListElement":[{"@type":"ListItem","position":1,"name":"Anasayfa","item":"https:\/\/beyazsis.com\/halk-sagligi\/"},{"@type":"ListItem","position":2,"name":"Referanslar\u0131m\u0131z"}]},{"@type":"WebSite","@id":"https:\/\/beyazsis.com\/halk-sagligi\/#website","url":"https:\/\/beyazsis.com\/halk-sagligi\/","name":"Beyaz Sis Halk Sa\u011fl\u0131\u011f\u0131","description":"","publisher":{"@id":"https:\/\/beyazsis.com\/halk-sagligi\/#organization"},"potentialAction":[{"@type":"SearchAction","target":{"@type":"EntryPoint","urlTemplate":"https:\/\/beyazsis.com\/halk-sagligi\/?s={search_term_string}"},"query-input":{"@type":"PropertyValueSpecification","valueRequired":true,"valueName":"search_term_string"}}],"inLanguage":"tr"},{"@type":"Organization","@id":"https:\/\/beyazsis.com\/halk-sagligi\/#organization","name":"White Fog Halk Sa\u011fl\u0131\u011f\u0131 Sisleme Dumanlama Makineleri","url":"https:\/\/beyazsis.com\/halk-sagligi\/","logo":{"@type":"ImageObject","inLanguage":"tr","@id":"https:\/\/beyazsis.com\/halk-sagligi\/#\/schema\/logo\/image\/","url":"https:\/\/beyazsis.com\/halk-sagligi\/wp-content\/uploads\/sites\/6\/2023\/09\/LOGO-SI\u0307YAH.png","contentUrl":"https:\/\/beyazsis.com\/halk-sagligi\/wp-content\/uploads\/sites\/6\/2023\/09\/LOGO-SI\u0307YAH.png","width":423,"height":76,"caption":"White Fog Halk Sa\u011fl\u0131\u011f\u0131 Sisleme Dumanlama Makineleri"},"image":{"@id":"https:\/\/beyazsis.com\/halk-sagligi\/#\/schema\/logo\/image\/"}}]}},"_links":{"self":[{"href":"https:\/\/beyazsis.com\/halk-sagligi\/wp-json\/wp\/v2\/pages\/1926","targetHints":{"allow":["GET"]}}],"collection":[{"href":"https:\/\/beyazsis.com\/halk-sagligi\/wp-json\/wp\/v2\/pages"}],"about":[{"href":"https:\/\/beyazsis.com\/halk-sagligi\/wp-json\/wp\/v2\/types\/page"}],"author":[{"embeddable":true,"href":"https:\/\/beyazsis.com\/halk-sagligi\/wp-json\/wp\/v2\/users\/1"}],"replies":[{"embeddable":true,"href":"https:\/\/beyazsis.com\/halk-sagligi\/wp-json\/wp\/v2\/comments?post=1926"}],"version-history":[{"count":7,"href":"https:\/\/beyazsis.com\/halk-sagligi\/wp-json\/wp\/v2\/pages\/1926\/revisions"}],"predecessor-version":[{"id":2863,"href":"https:\/\/beyazsis.com\/halk-sagligi\/wp-json\/wp\/v2\/pages\/1926\/revisions\/2863"}],"wp:attachment":[{"href":"https:\/\/beyazsis.com\/halk-sagligi\/wp-json\/wp\/v2\/media?parent=1926"}],"curies":[{"name":"wp","href":"https:\/\/api.w.org\/{rel}","templated":true}]}}