{"id":468,"date":"2023-11-26T10:01:19","date_gmt":"2023-11-26T10:01:19","guid":{"rendered":"https:\/\/staging.liquid-themes.com\/logistics-fleet\/?page_id=468"},"modified":"2025-02-16T09:57:12","modified_gmt":"2025-02-16T06:57:12","slug":"iletisim","status":"publish","type":"page","link":"https:\/\/beyazsis.com\/halk-sagligi\/iletisim\/","title":{"rendered":"\u0130leti\u015fim"},"content":{"rendered":"\t\t<div data-elementor-type=\"wp-page\" data-elementor-id=\"468\" class=\"elementor elementor-468\" data-elementor-post-type=\"page\">\n\t\t\t\t<div class=\"elementor-element elementor-element-a76b885 e-flex e-con-boxed e-con e-parent\" data-id=\"a76b885\" data-element_type=\"container\">\n\t\t\t\t\t<div class=\"e-con-inner\">\n\t\t<div class=\"elementor-element elementor-element-3a21015d e-con-full e-flex e-con e-child\" data-id=\"3a21015d\" data-element_type=\"container\" data-settings=\"{&quot;background_background&quot;:&quot;classic&quot;}\">\n\t\t\t\t<div class=\"elementor-element elementor-element-44a25692 elementor-widget__width-inherit lqd-text-tag-h4 elementor-widget elementor-widget-lqd-text\" data-id=\"44a25692\" data-element_type=\"widget\" data-widget_type=\"lqd-text.default\">\n\t\t\t\t<div class=\"elementor-widget-container\">\n\t\t\t\t\t<h4 class=\"lqd-text-el m-0 p-0\"><span class=\"lqd-text-item relative elementor-repeater-item-cedf840\">Sormak istedi\u011finiz bir soru mu var?<\/span><\/h4>\t\t\t\t<\/div>\n\t\t\t\t<\/div>\n\t\t\t\t<div class=\"elementor-element elementor-element-45a7c51 elementor-widget__width-inherit lqd-text-tag-p elementor-widget elementor-widget-lqd-text\" data-id=\"45a7c51\" data-element_type=\"widget\" data-widget_type=\"lqd-text.default\">\n\t\t\t\t<div class=\"elementor-widget-container\">\n\t\t\t\t\t<p class=\"lqd-text-el m-0 p-0\"><span class=\"lqd-text-item relative elementor-repeater-item-cedf840\">Soru, g\u00f6r\u00fc\u015f ve \u00f6nerileriniz i\u00e7in her zaman bizimle a\u015fa\u011f\u0131daki ileti\u015fim bilgileri \u00fczerinden ileti\u015fime ge\u00e7ebilirsiniz.<\/span><\/p>\t\t\t\t<\/div>\n\t\t\t\t<\/div>\n\t\t\t\t<div class=\"elementor-element elementor-element-3fe96da0 lqd-text-tag-p elementor-widget__width-inherit elementor-widget elementor-widget-lqd-text\" data-id=\"3fe96da0\" data-element_type=\"widget\" data-widget_type=\"lqd-text.default\">\n\t\t\t\t<div class=\"elementor-widget-container\">\n\t\t\t\t\t<p class=\"lqd-text-el m-0 p-0\"><span class=\"lqd-text-item relative elementor-repeater-item-4cec869\">6169 Sokak, No:18\/A,\nKaracaoglan Mah., Bornova\n\u0130zmir \u2013 T\u00dcRK\u0130YE\nPosta Kodu: 35070<\/span><\/p>\t\t\t\t<\/div>\n\t\t\t\t<\/div>\n\t\t<div class=\"elementor-element elementor-element-2b6da18d e-con-full e-flex e-con e-child\" data-id=\"2b6da18d\" data-element_type=\"container\">\n\t\t\t\t<div class=\"elementor-element elementor-element-7179990e lqd-text-tag-h5 elementor-widget__width-inherit elementor-widget elementor-widget-lqd-text\" data-id=\"7179990e\" data-element_type=\"widget\" data-widget_type=\"lqd-text.default\">\n\t\t\t\t<div class=\"elementor-widget-container\">\n\t\t\t\t\t<h5 class=\"lqd-text-el m-0 p-0\"><span class=\"lqd-text-item relative elementor-repeater-item-e0fc2f5\">Telefon<\/span><\/h5>\t\t\t\t<\/div>\n\t\t\t\t<\/div>\n\t\t\t\t<div class=\"elementor-element elementor-element-44321bd6 lqd-text-tag-p elementor-widget__width-inherit elementor-widget elementor-widget-lqd-text\" data-id=\"44321bd6\" data-element_type=\"widget\" data-widget_type=\"lqd-text.default\">\n\t\t\t\t<div class=\"elementor-widget-container\">\n\t\t\t\t\t<p class=\"lqd-text-el m-0 p-0\"><span class=\"lqd-text-item relative elementor-repeater-item-e0fc2f5\">Hemen Aray\u0131n<\/span><\/p>\t\t\t\t<\/div>\n\t\t\t\t<\/div>\n\t\t\t\t<div class=\"elementor-element elementor-element-21101df9 lqd-text-tag-h5 elementor-widget__width-inherit elementor-widget elementor-widget-lqd-text\" data-id=\"21101df9\" data-element_type=\"widget\" data-widget_type=\"lqd-text.default\">\n\t\t\t\t<div class=\"elementor-widget-container\">\n\t\t\t\t\t<h5 class=\"lqd-text-el m-0 p-0\"><a href=\"tel:+90%20232%20472%2008%2006\" class=\"lqd-text-item relative elementor-repeater-item-e0fc2f5 text-inherit\">+90 232 472 08 06<\/a><\/h5>\t\t\t\t<\/div>\n\t\t\t\t<\/div>\n\t\t\t\t<\/div>\n\t\t<div class=\"elementor-element elementor-element-2b9e341f e-con-full e-flex e-con e-child\" data-id=\"2b9e341f\" data-element_type=\"container\">\n\t\t\t\t<div class=\"elementor-element elementor-element-64e24abb lqd-text-tag-h5 elementor-widget__width-inherit elementor-widget elementor-widget-lqd-text\" data-id=\"64e24abb\" data-element_type=\"widget\" data-widget_type=\"lqd-text.default\">\n\t\t\t\t<div class=\"elementor-widget-container\">\n\t\t\t\t\t<h5 class=\"lqd-text-el m-0 p-0\"><span class=\"lqd-text-item relative elementor-repeater-item-e0fc2f5\">E-posta<\/span><\/h5>\t\t\t\t<\/div>\n\t\t\t\t<\/div>\n\t\t\t\t<div class=\"elementor-element elementor-element-7fa6b5bb lqd-text-tag-p elementor-widget__width-inherit elementor-widget elementor-widget-lqd-text\" data-id=\"7fa6b5bb\" data-element_type=\"widget\" data-widget_type=\"lqd-text.default\">\n\t\t\t\t<div class=\"elementor-widget-container\">\n\t\t\t\t\t<p class=\"lqd-text-el m-0 p-0\"><span class=\"lqd-text-item relative elementor-repeater-item-e0fc2f5\">Mesaj B\u0131rak\u0131n<\/span><\/p>\t\t\t\t<\/div>\n\t\t\t\t<\/div>\n\t\t\t\t<div class=\"elementor-element elementor-element-7ad71b2d lqd-text-tag-h5 elementor-widget__width-inherit elementor-widget elementor-widget-lqd-text\" data-id=\"7ad71b2d\" data-element_type=\"widget\" data-widget_type=\"lqd-text.default\">\n\t\t\t\t<div class=\"elementor-widget-container\">\n\t\t\t\t\t<h5 class=\"lqd-text-el m-0 p-0\"><a href=\"http:\/\/info@beyazsis.com\" class=\"lqd-text-item relative elementor-repeater-item-e0fc2f5 text-inherit\">info@beyazsis.com<\/a><\/h5>\t\t\t\t<\/div>\n\t\t\t\t<\/div>\n\t\t\t\t<\/div>\n\t\t\t\t<div class=\"elementor-element elementor-element-5aae54ee e-grid-align-left elementor-widget__width-inherit elementor-shape-rounded elementor-grid-0 elementor-widget elementor-widget-social-icons\" data-id=\"5aae54ee\" data-element_type=\"widget\" data-widget_type=\"social-icons.default\">\n\t\t\t\t<div class=\"elementor-widget-container\">\n\t\t\t\t\t\t\t<div class=\"elementor-social-icons-wrapper elementor-grid\" role=\"list\">\n\t\t\t\t\t\t\t<span class=\"elementor-grid-item\" role=\"listitem\">\n\t\t\t\t\t<a class=\"elementor-icon elementor-social-icon elementor-social-icon-facebook elementor-repeater-item-66b4758\" target=\"_blank\">\n\t\t\t\t\t\t<span class=\"elementor-screen-only\">Facebook<\/span>\n\t\t\t\t\t\t<svg class=\"e-font-icon-svg e-fab-facebook\" viewBox=\"0 0 512 512\" xmlns=\"http:\/\/www.w3.org\/2000\/svg\"><path d=\"M504 256C504 119 393 8 256 8S8 119 8 256c0 123.78 90.69 226.38 209.25 245V327.69h-63V256h63v-54.64c0-62.15 37-96.48 93.67-96.48 27.14 0 55.52 4.84 55.52 4.84v61h-31.28c-30.8 0-40.41 19.12-40.41 38.73V256h68.78l-11 71.69h-57.78V501C413.31 482.38 504 379.78 504 256z\"><\/path><\/svg>\t\t\t\t\t<\/a>\n\t\t\t\t<\/span>\n\t\t\t\t\t\t\t<span class=\"elementor-grid-item\" role=\"listitem\">\n\t\t\t\t\t<a class=\"elementor-icon elementor-social-icon elementor-social-icon-instagram elementor-repeater-item-de88e61\" target=\"_blank\">\n\t\t\t\t\t\t<span class=\"elementor-screen-only\">Instagram<\/span>\n\t\t\t\t\t\t<svg class=\"e-font-icon-svg e-fab-instagram\" viewBox=\"0 0 448 512\" xmlns=\"http:\/\/www.w3.org\/2000\/svg\"><path d=\"M224.1 141c-63.6 0-114.9 51.3-114.9 114.9s51.3 114.9 114.9 114.9S339 319.5 339 255.9 287.7 141 224.1 141zm0 189.6c-41.1 0-74.7-33.5-74.7-74.7s33.5-74.7 74.7-74.7 74.7 33.5 74.7 74.7-33.6 74.7-74.7 74.7zm146.4-194.3c0 14.9-12 26.8-26.8 26.8-14.9 0-26.8-12-26.8-26.8s12-26.8 26.8-26.8 26.8 12 26.8 26.8zm76.1 27.2c-1.7-35.9-9.9-67.7-36.2-93.9-26.2-26.2-58-34.4-93.9-36.2-37-2.1-147.9-2.1-184.9 0-35.8 1.7-67.6 9.9-93.9 36.1s-34.4 58-36.2 93.9c-2.1 37-2.1 147.9 0 184.9 1.7 35.9 9.9 67.7 36.2 93.9s58 34.4 93.9 36.2c37 2.1 147.9 2.1 184.9 0 35.9-1.7 67.7-9.9 93.9-36.2 26.2-26.2 34.4-58 36.2-93.9 2.1-37 2.1-147.8 0-184.8zM398.8 388c-7.8 19.6-22.9 34.7-42.6 42.6-29.5 11.7-99.5 9-132.1 9s-102.7 2.6-132.1-9c-19.6-7.8-34.7-22.9-42.6-42.6-11.7-29.5-9-99.5-9-132.1s-2.6-102.7 9-132.1c7.8-19.6 22.9-34.7 42.6-42.6 29.5-11.7 99.5-9 132.1-9s102.7-2.6 132.1 9c19.6 7.8 34.7 22.9 42.6 42.6 11.7 29.5 9 99.5 9 132.1s2.7 102.7-9 132.1z\"><\/path><\/svg>\t\t\t\t\t<\/a>\n\t\t\t\t<\/span>\n\t\t\t\t\t<\/div>\n\t\t\t\t\t\t<\/div>\n\t\t\t\t<\/div>\n\t\t\t\t<\/div>\n\t\t<div class=\"elementor-element elementor-element-2cea19d6 e-con-full e-flex e-con e-child\" data-id=\"2cea19d6\" data-element_type=\"container\">\n\t\t\t\t<div class=\"elementor-element elementor-element-7e7042c4 elementor-widget elementor-widget-google_maps\" data-id=\"7e7042c4\" data-element_type=\"widget\" data-widget_type=\"google_maps.default\">\n\t\t\t\t<div class=\"elementor-widget-container\">\n\t\t\t\t\t\t\t<div class=\"elementor-custom-embed\">\n\t\t\t<iframe loading=\"lazy\"\n\t\t\t\t\tsrc=\"https:\/\/maps.google.com\/maps?q=White%20Fog%20%C4%B0zmir&#038;t=m&#038;z=10&#038;output=embed&#038;iwloc=near\"\n\t\t\t\t\ttitle=\"White Fog \u0130zmir\"\n\t\t\t\t\taria-label=\"White Fog \u0130zmir\"\n\t\t\t><\/iframe>\n\t\t<\/div>\n\t\t\t\t\t\t<\/div>\n\t\t\t\t<\/div>\n\t\t\t\t<\/div>\n\t\t\t\t\t<\/div>\n\t\t\t\t<\/div>\n\t\t\t\t<\/div>\n\t\t","protected":false},"excerpt":{"rendered":"<p>Sormak istedi\u011finiz bir soru mu var? Soru, g\u00f6r\u00fc\u015f ve \u00f6nerileriniz i\u00e7in her zaman bizimle a\u015fa\u011f\u0131daki ileti\u015fim bilgileri \u00fczerinden ileti\u015fime ge\u00e7ebilirsiniz. 6169 Sokak, No:18\/A, Karacaoglan Mah., Bornova \u0130zmir \u2013 T\u00dcRK\u0130YE Posta Kodu: 35070 Telefon Hemen Aray\u0131n +90 232 472 08 06 E-posta Mesaj B\u0131rak\u0131n info@beyazsis.com Facebook Instagram<\/p>\n","protected":false},"author":1,"featured_media":0,"parent":0,"menu_order":0,"comment_status":"closed","ping_status":"closed","template":"","meta":{"_acf_changed":false,"footnotes":""},"class_list":["post-468","page","type-page","status-publish","hentry"],"acf":[],"yoast_head":"<!-- This site is optimized with the Yoast SEO Premium plugin v25.3.1 (Yoast SEO v25.3.1) - https:\/\/yoast.com\/wordpress\/plugins\/seo\/ -->\n<title>\u0130leti\u015fim - Beyaz Sis Halk Sa\u011fl\u0131\u011f\u0131<\/title>\n<meta name=\"robots\" content=\"index, follow, max-snippet:-1, max-image-preview:large, max-video-preview:-1\" \/>\n<link rel=\"canonical\" href=\"https:\/\/beyazsis.com\/halk-sagligi\/iletisim\/\" \/>\n<meta property=\"og:locale\" content=\"tr_TR\" \/>\n<meta property=\"og:type\" content=\"article\" \/>\n<meta property=\"og:title\" content=\"\u0130leti\u015fim\" \/>\n<meta property=\"og:description\" content=\"Sormak istedi\u011finiz bir soru mu var? Soru, g\u00f6r\u00fc\u015f ve \u00f6nerileriniz i\u00e7in her zaman bizimle a\u015fa\u011f\u0131daki ileti\u015fim bilgileri \u00fczerinden ileti\u015fime ge\u00e7ebilirsiniz. 6169 Sokak, No:18\/A, Karacaoglan Mah., Bornova \u0130zmir \u2013 T\u00dcRK\u0130YE Posta Kodu: 35070 Telefon Hemen Aray\u0131n +90 232 472 08 06 E-posta Mesaj B\u0131rak\u0131n info@beyazsis.com Facebook Instagram\" \/>\n<meta property=\"og:url\" content=\"https:\/\/beyazsis.com\/halk-sagligi\/iletisim\/\" \/>\n<meta property=\"og:site_name\" content=\"Beyaz Sis Halk Sa\u011fl\u0131\u011f\u0131\" \/>\n<meta property=\"article:modified_time\" content=\"2025-02-16T06:57:12+00:00\" \/>\n<meta name=\"twitter:card\" content=\"summary_large_image\" \/>\n<script type=\"application\/ld+json\" class=\"yoast-schema-graph\">{\"@context\":\"https:\/\/schema.org\",\"@graph\":[{\"@type\":\"WebPage\",\"@id\":\"https:\/\/beyazsis.com\/halk-sagligi\/iletisim\/\",\"url\":\"https:\/\/beyazsis.com\/halk-sagligi\/iletisim\/\",\"name\":\"\u0130leti\u015fim - Beyaz Sis Halk Sa\u011fl\u0131\u011f\u0131\",\"isPartOf\":{\"@id\":\"https:\/\/beyazsis.com\/halk-sagligi\/#website\"},\"datePublished\":\"2023-11-26T10:01:19+00:00\",\"dateModified\":\"2025-02-16T06:57:12+00:00\",\"breadcrumb\":{\"@id\":\"https:\/\/beyazsis.com\/halk-sagligi\/iletisim\/#breadcrumb\"},\"inLanguage\":\"tr\",\"potentialAction\":[{\"@type\":\"ReadAction\",\"target\":[\"https:\/\/beyazsis.com\/halk-sagligi\/iletisim\/\"]}]},{\"@type\":\"BreadcrumbList\",\"@id\":\"https:\/\/beyazsis.com\/halk-sagligi\/iletisim\/#breadcrumb\",\"itemListElement\":[{\"@type\":\"ListItem\",\"position\":1,\"name\":\"Anasayfa\",\"item\":\"https:\/\/beyazsis.com\/halk-sagligi\/\"},{\"@type\":\"ListItem\",\"position\":2,\"name\":\"\u0130leti\u015fim\"}]},{\"@type\":\"WebSite\",\"@id\":\"https:\/\/beyazsis.com\/halk-sagligi\/#website\",\"url\":\"https:\/\/beyazsis.com\/halk-sagligi\/\",\"name\":\"Beyaz Sis Halk Sa\u011fl\u0131\u011f\u0131\",\"description\":\"\",\"publisher\":{\"@id\":\"https:\/\/beyazsis.com\/halk-sagligi\/#organization\"},\"potentialAction\":[{\"@type\":\"SearchAction\",\"target\":{\"@type\":\"EntryPoint\",\"urlTemplate\":\"https:\/\/beyazsis.com\/halk-sagligi\/?s={search_term_string}\"},\"query-input\":{\"@type\":\"PropertyValueSpecification\",\"valueRequired\":true,\"valueName\":\"search_term_string\"}}],\"inLanguage\":\"tr\"},{\"@type\":\"Organization\",\"@id\":\"https:\/\/beyazsis.com\/halk-sagligi\/#organization\",\"name\":\"White Fog Halk Sa\u011fl\u0131\u011f\u0131 Sisleme Dumanlama Makineleri\",\"url\":\"https:\/\/beyazsis.com\/halk-sagligi\/\",\"logo\":{\"@type\":\"ImageObject\",\"inLanguage\":\"tr\",\"@id\":\"https:\/\/beyazsis.com\/halk-sagligi\/#\/schema\/logo\/image\/\",\"url\":\"https:\/\/beyazsis.com\/halk-sagligi\/wp-content\/uploads\/sites\/6\/2023\/09\/LOGO-SI\u0307YAH.png\",\"contentUrl\":\"https:\/\/beyazsis.com\/halk-sagligi\/wp-content\/uploads\/sites\/6\/2023\/09\/LOGO-SI\u0307YAH.png\",\"width\":423,\"height\":76,\"caption\":\"White Fog Halk Sa\u011fl\u0131\u011f\u0131 Sisleme Dumanlama Makineleri\"},\"image\":{\"@id\":\"https:\/\/beyazsis.com\/halk-sagligi\/#\/schema\/logo\/image\/\"}}]}<\/script>\n<!-- \/ Yoast SEO Premium plugin. -->","yoast_head_json":{"title":"\u0130leti\u015fim - Beyaz Sis Halk Sa\u011fl\u0131\u011f\u0131","robots":{"index":"index","follow":"follow","max-snippet":"max-snippet:-1","max-image-preview":"max-image-preview:large","max-video-preview":"max-video-preview:-1"},"canonical":"https:\/\/beyazsis.com\/halk-sagligi\/iletisim\/","og_locale":"tr_TR","og_type":"article","og_title":"\u0130leti\u015fim","og_description":"Sormak istedi\u011finiz bir soru mu var? Soru, g\u00f6r\u00fc\u015f ve \u00f6nerileriniz i\u00e7in her zaman bizimle a\u015fa\u011f\u0131daki ileti\u015fim bilgileri \u00fczerinden ileti\u015fime ge\u00e7ebilirsiniz. 6169 Sokak, No:18\/A, Karacaoglan Mah., Bornova \u0130zmir \u2013 T\u00dcRK\u0130YE Posta Kodu: 35070 Telefon Hemen Aray\u0131n +90 232 472 08 06 E-posta Mesaj B\u0131rak\u0131n info@beyazsis.com Facebook Instagram","og_url":"https:\/\/beyazsis.com\/halk-sagligi\/iletisim\/","og_site_name":"Beyaz Sis Halk Sa\u011fl\u0131\u011f\u0131","article_modified_time":"2025-02-16T06:57:12+00:00","twitter_card":"summary_large_image","schema":{"@context":"https:\/\/schema.org","@graph":[{"@type":"WebPage","@id":"https:\/\/beyazsis.com\/halk-sagligi\/iletisim\/","url":"https:\/\/beyazsis.com\/halk-sagligi\/iletisim\/","name":"\u0130leti\u015fim - Beyaz Sis Halk Sa\u011fl\u0131\u011f\u0131","isPartOf":{"@id":"https:\/\/beyazsis.com\/halk-sagligi\/#website"},"datePublished":"2023-11-26T10:01:19+00:00","dateModified":"2025-02-16T06:57:12+00:00","breadcrumb":{"@id":"https:\/\/beyazsis.com\/halk-sagligi\/iletisim\/#breadcrumb"},"inLanguage":"tr","potentialAction":[{"@type":"ReadAction","target":["https:\/\/beyazsis.com\/halk-sagligi\/iletisim\/"]}]},{"@type":"BreadcrumbList","@id":"https:\/\/beyazsis.com\/halk-sagligi\/iletisim\/#breadcrumb","itemListElement":[{"@type":"ListItem","position":1,"name":"Anasayfa","item":"https:\/\/beyazsis.com\/halk-sagligi\/"},{"@type":"ListItem","position":2,"name":"\u0130leti\u015fim"}]},{"@type":"WebSite","@id":"https:\/\/beyazsis.com\/halk-sagligi\/#website","url":"https:\/\/beyazsis.com\/halk-sagligi\/","name":"Beyaz Sis Halk Sa\u011fl\u0131\u011f\u0131","description":"","publisher":{"@id":"https:\/\/beyazsis.com\/halk-sagligi\/#organization"},"potentialAction":[{"@type":"SearchAction","target":{"@type":"EntryPoint","urlTemplate":"https:\/\/beyazsis.com\/halk-sagligi\/?s={search_term_string}"},"query-input":{"@type":"PropertyValueSpecification","valueRequired":true,"valueName":"search_term_string"}}],"inLanguage":"tr"},{"@type":"Organization","@id":"https:\/\/beyazsis.com\/halk-sagligi\/#organization","name":"White Fog Halk Sa\u011fl\u0131\u011f\u0131 Sisleme Dumanlama Makineleri","url":"https:\/\/beyazsis.com\/halk-sagligi\/","logo":{"@type":"ImageObject","inLanguage":"tr","@id":"https:\/\/beyazsis.com\/halk-sagligi\/#\/schema\/logo\/image\/","url":"https:\/\/beyazsis.com\/halk-sagligi\/wp-content\/uploads\/sites\/6\/2023\/09\/LOGO-SI\u0307YAH.png","contentUrl":"https:\/\/beyazsis.com\/halk-sagligi\/wp-content\/uploads\/sites\/6\/2023\/09\/LOGO-SI\u0307YAH.png","width":423,"height":76,"caption":"White Fog Halk Sa\u011fl\u0131\u011f\u0131 Sisleme Dumanlama Makineleri"},"image":{"@id":"https:\/\/beyazsis.com\/halk-sagligi\/#\/schema\/logo\/image\/"}}]}},"_links":{"self":[{"href":"https:\/\/beyazsis.com\/halk-sagligi\/wp-json\/wp\/v2\/pages\/468","targetHints":{"allow":["GET"]}}],"collection":[{"href":"https:\/\/beyazsis.com\/halk-sagligi\/wp-json\/wp\/v2\/pages"}],"about":[{"href":"https:\/\/beyazsis.com\/halk-sagligi\/wp-json\/wp\/v2\/types\/page"}],"author":[{"embeddable":true,"href":"https:\/\/beyazsis.com\/halk-sagligi\/wp-json\/wp\/v2\/users\/1"}],"replies":[{"embeddable":true,"href":"https:\/\/beyazsis.com\/halk-sagligi\/wp-json\/wp\/v2\/comments?post=468"}],"version-history":[{"count":12,"href":"https:\/\/beyazsis.com\/halk-sagligi\/wp-json\/wp\/v2\/pages\/468\/revisions"}],"predecessor-version":[{"id":2913,"href":"https:\/\/beyazsis.com\/halk-sagligi\/wp-json\/wp\/v2\/pages\/468\/revisions\/2913"}],"wp:attachment":[{"href":"https:\/\/beyazsis.com\/halk-sagligi\/wp-json\/wp\/v2\/media?parent=468"}],"curies":[{"name":"wp","href":"https:\/\/api.w.org\/{rel}","templated":true}]}}